{"id":831,"date":"2020-03-20T17:05:28","date_gmt":"2020-03-20T17:05:28","guid":{"rendered":"https:\/\/www.whistleblowingsolutions.it\/?page_id=831"},"modified":"2022-12-17T18:41:34","modified_gmt":"2022-12-17T18:41:34","slug":"informativa-privacy","status":"publish","type":"page","link":"https:\/\/whistleblowingsolutions.it\/it\/impresa-sociale\/informativa-privacy\/","title":{"rendered":"Informativa Privacy"},"content":{"rendered":"<div class=\"doc-bd\">\n<div class=\"doc-bd-section\">\n<div class=\"doc-bd-txt\">\n<p><b>INFORMATIVA AI SENSI DELL\u2019ART. 13 DEL REGOLAMENTO UE 2016\/679<\/b><\/p>\n<p>Il presente documento espone le modalit\u00e0 e le finalit\u00e0 del trattamento dei dati personali posto in essere da <strong>Whistleblowing Solutions Impresa Sociale S.r.l. (WBS)<\/strong>, in qualit\u00e0 di titolare del trattamento (di seguito, anche il \u201cTitolare\u201d o il \u201cFornitore\u201d\u201d), nonch\u00e9 ogni ulteriore informazione richiesta ai sensi di legge, ivi incluse le informazioni sui diritti dell\u2019interessato e sul loro relativo esercizio.<br \/>\nIl Regolamento (UE) 2016\/679 in materia di protezione dei dati personali (di seguito, il \u201cRegolamento\u201d) stabilisce norme relative alla protezione delle persone fisiche con riguardo al trattamento dei dati personali, nonch\u00e9 norme relative alla libera circolazione di tali dati e protegge i diritti e le libert\u00e0 fondamentali delle persone fisiche, con particolare riferimento al diritto alla protezione dei dati personali.<\/p>\n<p>L\u2019art. 4, n. 1 del Regolamento prevede che per \u201cDato Personale\u201d debba intendersi qualsiasi informazione riguardante una persona fisica identificata o identificabile (di seguito, \u201cInteressato\u201d).<br \/>\nPer \u201cTrattamento\u201d deve invece intendersi qualunque operazione o complesso di operazioni, effettuate con o senza l\u2019ausilio di processi automatizzati e applicate a Dati Personali o insiemi di Dati Personali, come la raccolta, la registrazione, l\u2019organizzazione, la strutturazione, la conservazione, l\u2019adattamento o la modifica, l\u2019estrazione, la consultazione, l\u2019uso, la comunicazione mediante trasmissione, diffusione o qualsiasi altra forma di messa a disposizione, il raffronto o l\u2019interconnessione, la limitazione, la cancellazione o la distruzione (art. 4, n. 2 del Regolamento).<\/p>\n<p>Ai sensi degli artt. 12 e ss. del Regolamento, si prevede inoltre che l\u2019Interessato debba essere messo a conoscenza delle opportune informazioni relative (i) alle attivit\u00e0 di Trattamento che sono svolte dal titolare del Trattamento e (ii) ai diritti degli Interessati.<\/p>\n<p><b>FINALIT<\/b><b>\u00c0<\/b><b> E BASE GIURIDICA<\/b><\/p>\n<p>Il trattamento \u00e8 finalizzato a:<\/p>\n<ol>\n<li>gestire, concludere e dare esecuzione al rapporto contrattuale concordato, nonch\u00e9, degli eventuali dispositivi accessori richiesti, incluso ogni adempimento relativo ad obblighi fiscali e di contabilit\u00e0;<\/li>\n<li aria-level=\"1\">all\u2019assolvimento degli obblighi di legge in generale e, in particolare, degli obblighi di identificazione e conservazione delle informazioni ai fini antiriciclaggio e di segnalazione delle operazioni sospette;<\/li>\n<\/ol>\n<p><b>MODALIT<\/b><b>\u00c0 DEL TRATTAMENTO E CONSERVAZIONE<\/b><\/p>\n<p>In conformit\u00e0 a quanto sancito dall\u2019art. 5 del Regolamento, i Dati Personali oggetto di Trattamento sono:<\/p>\n<ol>\n<li aria-level=\"3\">trattati in modo lecito, corretto e trasparente nei confronti dell\u2019Interessato;<\/li>\n<li aria-level=\"3\">raccolti e registrati per finalit\u00e0 determinate, esplicite e legittime, e successivamente trattati in termini compatibili con tali finalit\u00e0;<\/li>\n<li aria-level=\"3\">adeguati, pertinenti e limitati a quanto necessario rispetto alle finalit\u00e0 per le quali sono trattati;<\/li>\n<li aria-level=\"3\">esatti e se necessario, aggiornati;<\/li>\n<li aria-level=\"3\">trattati in maniera da garantire un adeguato sicurezza;<\/li>\n<li aria-level=\"3\">conservati in una forma che consenta l\u2019identificazione dell\u2019Interessato per un periodo di tempo non superiore al conseguimento delle finalit\u00e0 per le quali sono trattati.<\/li>\n<\/ol>\n<p>I Dati Personali saranno trattati dal Titolare con strumenti automatizzati e non automatizzati; la conservazione in forma elettronica dei Dati Personali avviene in server sicuri posti in aree ad accesso controllato e dotate di accessi ristretti.<br \/>\nSpecifiche misure di sicurezza sono osservate per prevenire la perdita dei dati, usi illeciti o non corretti ed accessi non autorizzati.<\/p>\n<p><b>CONSERVAZIONE DEI DATI PERSONALI<\/b><\/p>\n<p>I Dati Personali vengono conservati per il tempo strettamente necessario a conseguire gli scopi per cui sono stati raccolti e sottoposti a Trattamento. Come principio generale, dunque, i Dati Personali verranno conservati per l\u2019intero periodo di vigenza del rapporto con il Fornitore.<\/p>\n<p>Resta inteso tuttavia che, venuto meno il rapporto contrattuale con il Fornitore e, con esso, le relative finalit\u00e0 del Trattamento, il Titolare sar\u00e0 comunque obbligato e\/o legittimato a conservare ulteriormente i Dati Personali, in tutto o in parte, per determinate finalit\u00e0, come espressamente richiesto da specifiche previsioni di legge (ci si riferisce, per esempio, all\u2019obbligo di tenuta delle scritture contabili per un periodo di 10 anni, previsto dall\u2019art. 2220 del Codice Civile) o per far valere o difendere un diritto in sede giudiziaria (per esempio, in caso di possibili contestazioni rispetto alle attivit\u00e0 svolte dal Fornitore).<\/p>\n<p><b>COMUNICAZIONE DEI DATI PERSONALI<\/b><\/p>\n<p>I Dati Personali saranno accessibili al Titolare agli incaricati del Trattamento e ai collaboratori esterni in relazione alle sole necessit\u00e0 di esecuzione del contratto e con precise nomine ai sensi ai sensi dell\u2019art. 28 del Regolamento UE 2016\/679.<\/p>\n<p>Con particolare riferimento all\u2019infrastruttura informatica primariamente utilizzata nell\u2019erogazione dei servizi, Seeweb S.r.l. opera in qualit\u00e0 di Sub-Responsabile del Trattamento.<\/p>\n<p><b>DIFFUSIONE DEI DATI PERSONALI<\/b><\/p>\n<p>I Dati Personali non sono soggetti a diffusione.<\/p>\n<p><b>TRASFERIMENTO DEI DATI PERSONALI ALL\u2019ESTERO<\/b><\/p>\n<p>I Dati Personali possono essere trasferiti verso Paesi dell&#8217;Unione Europea.<\/p>\n<p><b>DIRITTI DELL\u2019INTERESSATO<\/b><\/p>\n<p>In qualsiasi momento l\u2019Interessato potr\u00e0 accedere ai Dati Personali al fine di correggerli, eliminarli e, in generale, esercitare tutti i diritti che gli sono espressamente riconosciuti ai sensi della normativa applicabile in materia di protezione dei Dati Personali, e in dettaglio: il diritto di ottenere la conferma dell\u2019esistenza o meno dei Dati Personali e la loro comunicazione in forma intelligibile, di conoscerne l\u2019origine, le finalit\u00e0 e le modalit\u00e0 del Trattamento; il diritto di ottenere l\u2019indicazione degli estremi identificativi del Titolare, dei responsabili del trattamento e dei soggetti o delle categorie di soggetti ai quali i Dati Personali possono essere comunicati; il diritto di verificare l\u2019esattezza dei Dati Personali o chiederne l\u2019integrazione o l\u2019aggiornamento oppure la rettificazione; il diritto di chiedere la cancellazione, la trasformazione in forma anonima o il blocco dei Dati Personali trattati in violazione alla legge, nonch\u00e9 la loro limitazione ai sensi di legge e di opporsi in ogni caso, in tutto o in parte, per motivi legittimi al loro Trattamento; il diritto alla portabilit\u00e0 dei propri Dati Personali, nonch\u00e9 il diritto di proporre un reclamo, una segnalazione o un ricorso al Garante per la protezione dei dati personali, ove ne ricorrano i presupposti. La normativa applicabile riconosce, inoltre il diritto di revocare il proprio consenso al Trattamento dei Dati Personali in qualsiasi momento, senza che ci\u00f2 pregiudichi, tuttavia, la liceit\u00e0 del Trattamento posto in essere dal Titolare sulla base del consenso prestato prima della revoca.<\/p>\n<p><b>TITOLARE DEL TRATTAMENTO<\/b><\/p>\n<p>Titolare del Trattamento \u00e8 Whistleblowing Solutions Impresa Sociale S.r.l. (WBS) con sede a Milano in Viale Aretusa 34.<\/p>\n<p>DPO: <a href=\"mailto:dpo@whistleblowingsolutions.it\">dpo@whistleblowingsolutions.it<\/a><\/p>\n<p><b>COOKIE POLICY<\/b><\/p>\n<p>Whistleblowing Solutions Impresa Sociale S.r.l. (WBS) \u00e8 impegnata attivamente nella protezione dei propri clienti ed utenti e nella sensibilizzazione circa le tematica di sicurezza informatica e privacy.<\/p>\n<p>Come tale WBS sui propri siti utilizza solo cookies tecnici necessari per erogare i propri servizi ed in particolare solo cookies necessari all\u2019autenticazione degli utenti e alla sicurezza dei propri siti e rinuncia all\u2019utilizzo di qualsivoglia cookies di profilazione, di marketing e di terze parti.<\/p>\n<p><b>COMUNICAZIONE ED ESERCIZIO DEI DIRITTI DELL\u2019INTERESSATO<\/b><\/p>\n<p>Per esercitare i propri diritti l\u2019Interessato pu\u00f2 rivolgersi in qualsiasi momento al Titolare del Trattamento scrivendo un\u2019email a <a href=\"mailto:gdpr@whistleblowingsolutions.it\">gdpr@whistleblowingsolutions.it<\/a><\/p>\n<\/div>\n<\/div>\n<\/div>\n","protected":false},"excerpt":{"rendered":"<p>INFORMATIVA AI SENSI DELL\u2019ART. 13 DEL REGOLAMENTO UE 2016\/679 Il presente documento espone le modalit\u00e0 e le finalit\u00e0 del trattamento dei dati personali posto in essere da Whistleblowing Solutions Impresa Sociale S.r.l. (WBS), in qualit\u00e0 di titolare del trattamento (di seguito, anche il \u201cTitolare\u201d o il \u201cFornitore\u201d\u201d), nonch\u00e9 ogni ulteriore informazione richiesta ai sensi di [&hellip;]<\/p>\n","protected":false},"author":12,"featured_media":0,"parent":52,"menu_order":0,"comment_status":"closed","ping_status":"closed","template":"","meta":{"site-sidebar-layout":"default","site-content-layout":"","ast-site-content-layout":"default","site-content-style":"default","site-sidebar-style":"default","ast-global-header-display":"","ast-banner-title-visibility":"","ast-main-header-display":"","ast-hfb-above-header-display":"","ast-hfb-below-header-display":"","ast-hfb-mobile-header-display":"","site-post-title":"","ast-breadcrumbs-content":"","ast-featured-img":"","footer-sml-layout":"","ast-disable-related-posts":"","theme-transparent-header-meta":"","adv-header-id-meta":"","stick-header-meta":"","header-above-stick-meta":"","header-main-stick-meta":"","header-below-stick-meta":"","astra-migrate-meta-layouts":"default","ast-page-background-enabled":"default","ast-page-background-meta":{"desktop":{"background-color":"var(--ast-global-color-4)","background-image":"","background-repeat":"repeat","background-position":"center center","background-size":"auto","background-attachment":"scroll","background-type":"","background-media":"","overlay-type":"","overlay-color":"","overlay-opacity":"","overlay-gradient":""},"tablet":{"background-color":"","background-image":"","background-repeat":"repeat","background-position":"center center","background-size":"auto","background-attachment":"scroll","background-type":"","background-media":"","overlay-type":"","overlay-color":"","overlay-opacity":"","overlay-gradient":""},"mobile":{"background-color":"","background-image":"","background-repeat":"repeat","background-position":"center center","background-size":"auto","background-attachment":"scroll","background-type":"","background-media":"","overlay-type":"","overlay-color":"","overlay-opacity":"","overlay-gradient":""}},"ast-content-background-meta":{"desktop":{"background-color":"var(--ast-global-color-5)","background-image":"","background-repeat":"repeat","background-position":"center center","background-size":"auto","background-attachment":"scroll","background-type":"","background-media":"","overlay-type":"","overlay-color":"","overlay-opacity":"","overlay-gradient":""},"tablet":{"background-color":"var(--ast-global-color-5)","background-image":"","background-repeat":"repeat","background-position":"center center","background-size":"auto","background-attachment":"scroll","background-type":"","background-media":"","overlay-type":"","overlay-color":"","overlay-opacity":"","overlay-gradient":""},"mobile":{"background-color":"var(--ast-global-color-5)","background-image":"","background-repeat":"repeat","background-position":"center center","background-size":"auto","background-attachment":"scroll","background-type":"","background-media":"","overlay-type":"","overlay-color":"","overlay-opacity":"","overlay-gradient":""}},"footnotes":""},"class_list":["post-831","page","type-page","status-publish","hentry"],"yoast_head":"<!-- This site is optimized with the Yoast SEO plugin v27.5 - https:\/\/yoast.com\/product\/yoast-seo-wordpress\/ -->\n<title>Informativa Privacy - Whistleblowing Solutions<\/title>\n<meta name=\"robots\" content=\"index, follow, max-snippet:-1, max-image-preview:large, max-video-preview:-1\" \/>\n<link rel=\"canonical\" href=\"https:\/\/whistleblowingsolutions.it\/it\/impresa-sociale\/informativa-privacy\/\" \/>\n<meta property=\"og:locale\" content=\"it_IT\" \/>\n<meta property=\"og:type\" content=\"article\" \/>\n<meta property=\"og:title\" content=\"Informativa Privacy - Whistleblowing Solutions\" \/>\n<meta property=\"og:description\" content=\"INFORMATIVA AI SENSI DELL\u2019ART. 13 DEL REGOLAMENTO UE 2016\/679 Il presente documento espone le modalit\u00e0 e le finalit\u00e0 del trattamento dei dati personali posto in essere da Whistleblowing Solutions Impresa Sociale S.r.l. (WBS), in qualit\u00e0 di titolare del trattamento (di seguito, anche il \u201cTitolare\u201d o il \u201cFornitore\u201d\u201d), nonch\u00e9 ogni ulteriore informazione richiesta ai sensi di [&hellip;]\" \/>\n<meta property=\"og:url\" content=\"https:\/\/whistleblowingsolutions.it\/it\/impresa-sociale\/informativa-privacy\/\" \/>\n<meta property=\"og:site_name\" content=\"Whistleblowing Solutions\" \/>\n<meta property=\"article:modified_time\" content=\"2022-12-17T18:41:34+00:00\" \/>\n<meta name=\"twitter:card\" content=\"summary_large_image\" \/>\n<meta name=\"twitter:label1\" content=\"Tempo di lettura stimato\" \/>\n\t<meta name=\"twitter:data1\" content=\"6 minuti\" \/>\n<script type=\"application\/ld+json\" class=\"yoast-schema-graph\">{\"@context\":\"https:\\\/\\\/schema.org\",\"@graph\":[{\"@type\":\"WebPage\",\"@id\":\"https:\\\/\\\/whistleblowingsolutions.it\\\/it\\\/impresa-sociale\\\/informativa-privacy\\\/\",\"url\":\"https:\\\/\\\/whistleblowingsolutions.it\\\/it\\\/impresa-sociale\\\/informativa-privacy\\\/\",\"name\":\"Informativa Privacy - Whistleblowing Solutions\",\"isPartOf\":{\"@id\":\"https:\\\/\\\/whistleblowingsolutions.it\\\/it\\\/#website\"},\"datePublished\":\"2020-03-20T17:05:28+00:00\",\"dateModified\":\"2022-12-17T18:41:34+00:00\",\"breadcrumb\":{\"@id\":\"https:\\\/\\\/whistleblowingsolutions.it\\\/it\\\/impresa-sociale\\\/informativa-privacy\\\/#breadcrumb\"},\"inLanguage\":\"it-IT\",\"potentialAction\":[{\"@type\":\"ReadAction\",\"target\":[\"https:\\\/\\\/whistleblowingsolutions.it\\\/it\\\/impresa-sociale\\\/informativa-privacy\\\/\"]}]},{\"@type\":\"BreadcrumbList\",\"@id\":\"https:\\\/\\\/whistleblowingsolutions.it\\\/it\\\/impresa-sociale\\\/informativa-privacy\\\/#breadcrumb\",\"itemListElement\":[{\"@type\":\"ListItem\",\"position\":1,\"name\":\"Home\",\"item\":\"https:\\\/\\\/whistleblowingsolutions.it\\\/it\\\/\"},{\"@type\":\"ListItem\",\"position\":2,\"name\":\"Impresa Sociale\",\"item\":\"https:\\\/\\\/whistleblowingsolutions.it\\\/it\\\/\"},{\"@type\":\"ListItem\",\"position\":3,\"name\":\"Informativa Privacy\"}]},{\"@type\":\"WebSite\",\"@id\":\"https:\\\/\\\/whistleblowingsolutions.it\\\/it\\\/#website\",\"url\":\"https:\\\/\\\/whistleblowingsolutions.it\\\/it\\\/\",\"name\":\"Whistleblowing Solutions\",\"description\":\"Secure Whistleblowing Solutions for Social Good \u2013 By the Authors of GlobaLeaks\",\"publisher\":{\"@id\":\"https:\\\/\\\/whistleblowingsolutions.it\\\/it\\\/#organization\"},\"potentialAction\":[{\"@type\":\"SearchAction\",\"target\":{\"@type\":\"EntryPoint\",\"urlTemplate\":\"https:\\\/\\\/whistleblowingsolutions.it\\\/it\\\/?s={search_term_string}\"},\"query-input\":{\"@type\":\"PropertyValueSpecification\",\"valueRequired\":true,\"valueName\":\"search_term_string\"}}],\"inLanguage\":\"it-IT\"},{\"@type\":\"Organization\",\"@id\":\"https:\\\/\\\/whistleblowingsolutions.it\\\/it\\\/#organization\",\"name\":\"Whistleblowing Solutions I.S. S.r.l.\",\"url\":\"https:\\\/\\\/whistleblowingsolutions.it\\\/it\\\/\",\"logo\":{\"@type\":\"ImageObject\",\"inLanguage\":\"it-IT\",\"@id\":\"https:\\\/\\\/whistleblowingsolutions.it\\\/it\\\/#\\\/schema\\\/logo\\\/image\\\/\",\"url\":\"https:\\\/\\\/whistleblowingsolutions.it\\\/wp-content\\\/uploads\\\/2025\\\/01\\\/whistleblowing_solutions-logo-horizontal-default.png\",\"contentUrl\":\"https:\\\/\\\/whistleblowingsolutions.it\\\/wp-content\\\/uploads\\\/2025\\\/01\\\/whistleblowing_solutions-logo-horizontal-default.png\",\"width\":994,\"height\":174,\"caption\":\"Whistleblowing Solutions I.S. S.r.l.\"},\"image\":{\"@id\":\"https:\\\/\\\/whistleblowingsolutions.it\\\/it\\\/#\\\/schema\\\/logo\\\/image\\\/\"}}]}<\/script>\n<!-- \/ Yoast SEO plugin. -->","yoast_head_json":{"title":"Informativa Privacy - Whistleblowing Solutions","robots":{"index":"index","follow":"follow","max-snippet":"max-snippet:-1","max-image-preview":"max-image-preview:large","max-video-preview":"max-video-preview:-1"},"canonical":"https:\/\/whistleblowingsolutions.it\/it\/impresa-sociale\/informativa-privacy\/","og_locale":"it_IT","og_type":"article","og_title":"Informativa Privacy - Whistleblowing Solutions","og_description":"INFORMATIVA AI SENSI DELL\u2019ART. 13 DEL REGOLAMENTO UE 2016\/679 Il presente documento espone le modalit\u00e0 e le finalit\u00e0 del trattamento dei dati personali posto in essere da Whistleblowing Solutions Impresa Sociale S.r.l. (WBS), in qualit\u00e0 di titolare del trattamento (di seguito, anche il \u201cTitolare\u201d o il \u201cFornitore\u201d\u201d), nonch\u00e9 ogni ulteriore informazione richiesta ai sensi di [&hellip;]","og_url":"https:\/\/whistleblowingsolutions.it\/it\/impresa-sociale\/informativa-privacy\/","og_site_name":"Whistleblowing Solutions","article_modified_time":"2022-12-17T18:41:34+00:00","twitter_card":"summary_large_image","twitter_misc":{"Tempo di lettura stimato":"6 minuti"},"schema":{"@context":"https:\/\/schema.org","@graph":[{"@type":"WebPage","@id":"https:\/\/whistleblowingsolutions.it\/it\/impresa-sociale\/informativa-privacy\/","url":"https:\/\/whistleblowingsolutions.it\/it\/impresa-sociale\/informativa-privacy\/","name":"Informativa Privacy - Whistleblowing Solutions","isPartOf":{"@id":"https:\/\/whistleblowingsolutions.it\/it\/#website"},"datePublished":"2020-03-20T17:05:28+00:00","dateModified":"2022-12-17T18:41:34+00:00","breadcrumb":{"@id":"https:\/\/whistleblowingsolutions.it\/it\/impresa-sociale\/informativa-privacy\/#breadcrumb"},"inLanguage":"it-IT","potentialAction":[{"@type":"ReadAction","target":["https:\/\/whistleblowingsolutions.it\/it\/impresa-sociale\/informativa-privacy\/"]}]},{"@type":"BreadcrumbList","@id":"https:\/\/whistleblowingsolutions.it\/it\/impresa-sociale\/informativa-privacy\/#breadcrumb","itemListElement":[{"@type":"ListItem","position":1,"name":"Home","item":"https:\/\/whistleblowingsolutions.it\/it\/"},{"@type":"ListItem","position":2,"name":"Impresa Sociale","item":"https:\/\/whistleblowingsolutions.it\/it\/"},{"@type":"ListItem","position":3,"name":"Informativa Privacy"}]},{"@type":"WebSite","@id":"https:\/\/whistleblowingsolutions.it\/it\/#website","url":"https:\/\/whistleblowingsolutions.it\/it\/","name":"Whistleblowing Solutions","description":"Secure Whistleblowing Solutions for Social Good \u2013 By the Authors of GlobaLeaks","publisher":{"@id":"https:\/\/whistleblowingsolutions.it\/it\/#organization"},"potentialAction":[{"@type":"SearchAction","target":{"@type":"EntryPoint","urlTemplate":"https:\/\/whistleblowingsolutions.it\/it\/?s={search_term_string}"},"query-input":{"@type":"PropertyValueSpecification","valueRequired":true,"valueName":"search_term_string"}}],"inLanguage":"it-IT"},{"@type":"Organization","@id":"https:\/\/whistleblowingsolutions.it\/it\/#organization","name":"Whistleblowing Solutions I.S. S.r.l.","url":"https:\/\/whistleblowingsolutions.it\/it\/","logo":{"@type":"ImageObject","inLanguage":"it-IT","@id":"https:\/\/whistleblowingsolutions.it\/it\/#\/schema\/logo\/image\/","url":"https:\/\/whistleblowingsolutions.it\/wp-content\/uploads\/2025\/01\/whistleblowing_solutions-logo-horizontal-default.png","contentUrl":"https:\/\/whistleblowingsolutions.it\/wp-content\/uploads\/2025\/01\/whistleblowing_solutions-logo-horizontal-default.png","width":994,"height":174,"caption":"Whistleblowing Solutions I.S. S.r.l."},"image":{"@id":"https:\/\/whistleblowingsolutions.it\/it\/#\/schema\/logo\/image\/"}}]}},"_links":{"self":[{"href":"https:\/\/whistleblowingsolutions.it\/it\/wp-json\/wp\/v2\/pages\/831","targetHints":{"allow":["GET"]}}],"collection":[{"href":"https:\/\/whistleblowingsolutions.it\/it\/wp-json\/wp\/v2\/pages"}],"about":[{"href":"https:\/\/whistleblowingsolutions.it\/it\/wp-json\/wp\/v2\/types\/page"}],"author":[{"embeddable":true,"href":"https:\/\/whistleblowingsolutions.it\/it\/wp-json\/wp\/v2\/users\/12"}],"replies":[{"embeddable":true,"href":"https:\/\/whistleblowingsolutions.it\/it\/wp-json\/wp\/v2\/comments?post=831"}],"version-history":[{"count":1,"href":"https:\/\/whistleblowingsolutions.it\/it\/wp-json\/wp\/v2\/pages\/831\/revisions"}],"predecessor-version":[{"id":1104,"href":"https:\/\/whistleblowingsolutions.it\/it\/wp-json\/wp\/v2\/pages\/831\/revisions\/1104"}],"up":[{"embeddable":true,"href":"https:\/\/whistleblowingsolutions.it\/it\/wp-json\/wp\/v2\/pages\/52"}],"wp:attachment":[{"href":"https:\/\/whistleblowingsolutions.it\/it\/wp-json\/wp\/v2\/media?parent=831"}],"curies":[{"name":"wp","href":"https:\/\/api.w.org\/{rel}","templated":true}]}}